{"id":7011,"date":"2025-01-30T13:27:12","date_gmt":"2025-01-30T19:27:12","guid":{"rendered":"https:\/\/safegunstoragetexas.com\/charla-sobre-la-seguridad-de-las-armas\/"},"modified":"2025-01-30T13:27:12","modified_gmt":"2025-01-30T19:27:12","slug":"charla-sobre-la-seguridad-de-las-armas","status":"publish","type":"page","link":"https:\/\/safegunstoragetexas.com\/es\/charla-sobre-la-seguridad-de-las-armas\/","title":{"rendered":"Charla sobre la seguridad de las armas"},"content":{"rendered":"[vc_row type=\u00bbin_container\u00bb full_screen_row_position=\u00bbmiddle\u00bb column_margin=\u00bbdefault\u00bb column_direction=\u00bbdefault\u00bb column_direction_tablet=\u00bbdefault\u00bb column_direction_phone=\u00bbdefault\u00bb scene_position=\u00bbcenter\u00bb text_color=\u00bbdark\u00bb text_align=\u00bbleft\u00bb row_border_radius=\u00bbnone\u00bb row_border_radius_applies=\u00bbbg\u00bb overlay_strength=\u00bb0.3&#8243; gradient_direction=\u00bbleft_to_right\u00bb shape_divider_position=\u00bbbottom\u00bb bg_image_animation=\u00bbnone\u00bb][vc_column column_padding=\u00bbno-extra-padding\u00bb column_padding_tablet=\u00bbinherit\u00bb column_padding_phone=\u00bbinherit\u00bb column_padding_position=\u00bball\u00bb background_color_opacity=\u00bb1&#8243; background_hover_color_opacity=\u00bb1&#8243; column_shadow=\u00bbnone\u00bb column_border_radius=\u00bbnone\u00bb column_link_target=\u00bb_self\u00bb gradient_direction=\u00bbleft_to_right\u00bb overlay_strength=\u00bb0.3&#8243; width=\u00bb1\/1&#8243; tablet_width_inherit=\u00bbdefault\u00bb tablet_text_alignment=\u00bbdefault\u00bb phone_text_alignment=\u00bbdefault\u00bb column_border_width=\u00bbnone\u00bb column_border_style=\u00bbsolid\u00bb bg_image_animation=\u00bbnone\u00bb][vc_column_text]\n<a href=\"https:\/\/safegunstoragetexas.com\/wp-content\/uploads\/2022\/12\/Safe-Gun-Storage-TX_Talk_083020.pdf\" class=\"pdfemb-viewer\" style=\"\" data-width=\"max\" data-height=\"max\" data-toolbar=\"bottom\" data-toolbar-fixed=\"off\">Safe-Gun-Storage-TX_Talk_083020<\/a><\/p>\n<p class=\"wp-block-pdfemb-pdf-embedder-viewer\">[\/vc_column_text][vc_column_text]\n<h1><span style=\"color: #ffffff;\">ALMACENAMIENTO SEGURO DE ARMAS CHARLA SOBRE SEGURIDAD<\/span><\/h1>\n[\/vc_column_text][\/vc_column][\/vc_row]\n","protected":false},"excerpt":{"rendered":"<p>[vc_row type=\u00bbin_container\u00bb full_screen_row_position=\u00bbmiddle\u00bb column_margin=\u00bbdefault\u00bb column_direction=\u00bbdefault\u00bb column_direction_tablet=\u00bbdefault\u00bb column_direction_phone=\u00bbdefault\u00bb scene_position=\u00bbcenter\u00bb text_color=\u00bbdark\u00bb text_align=\u00bbleft\u00bb row_border_radius=\u00bbnone\u00bb row_border_radius_applies=\u00bbbg\u00bb overlay_strength=\u00bb0.3&#8243; gradient_direction=\u00bbleft_to_right\u00bb shape_divider_position=\u00bbbottom\u00bb bg_image_animation=\u00bbnone\u00bb][vc_column column_padding=\u00bbno-extra-padding\u00bb column_padding_tablet=\u00bbinherit\u00bb column_padding_phone=\u00bbinherit\u00bb column_padding_position=\u00bball\u00bb background_color_opacity=\u00bb1&#8243; background_hover_color_opacity=\u00bb1&#8243; column_shadow=\u00bbnone\u00bb column_border_radius=\u00bbnone\u00bb column_link_target=\u00bb_self\u00bb gradient_direction=\u00bbleft_to_right\u00bb overlay_strength=\u00bb0.3&#8243; width=\u00bb1\/1&#8243; tablet_width_inherit=\u00bbdefault\u00bb tablet_text_alignment=\u00bbdefault\u00bb&#8230;<\/p>\n","protected":false},"author":5,"featured_media":0,"parent":0,"menu_order":0,"comment_status":"closed","ping_status":"closed","template":"","meta":{"footnotes":""},"class_list":["post-7011","page","type-page","status-publish"],"yoast_head":"<!-- This site is optimized with the Yoast SEO plugin v27.2 - https:\/\/yoast.com\/product\/yoast-seo-wordpress\/ -->\n<title>Charla sobre la seguridad de las armas - Texas Safe Gun Storage<\/title>\n<meta name=\"description\" content=\"Habla con otros padres, con tus hijos y con la comunidad sobre la seguridad de las armas. \u00a1Obt\u00e9n m\u00e1s informaci\u00f3n sobre c\u00f3mo puedes ayudar a Keep &#039;Em Safe, Texas!\" \/>\n<meta name=\"robots\" content=\"index, follow, max-snippet:-1, max-image-preview:large, max-video-preview:-1\" \/>\n<link rel=\"canonical\" href=\"https:\/\/safegunstoragetexas.com\/es\/charla-sobre-la-seguridad-de-las-armas\/\" \/>\n<meta property=\"og:locale\" content=\"es_ES\" \/>\n<meta property=\"og:type\" content=\"article\" \/>\n<meta property=\"og:title\" content=\"Charla sobre la seguridad de las armas - Texas Safe Gun Storage\" \/>\n<meta property=\"og:description\" content=\"Habla con otros padres, con tus hijos y con la comunidad sobre la seguridad de las armas. \u00a1Obt\u00e9n m\u00e1s informaci\u00f3n sobre c\u00f3mo puedes ayudar a Keep &#039;Em Safe, Texas!\" \/>\n<meta property=\"og:url\" content=\"https:\/\/safegunstoragetexas.com\/es\/charla-sobre-la-seguridad-de-las-armas\/\" \/>\n<meta property=\"og:site_name\" content=\"Texas Safe Gun Storage\" \/>\n<meta property=\"article:publisher\" content=\"https:\/\/www.facebook.com\/TxDPS\" \/>\n<meta property=\"og:image\" content=\"https:\/\/safegunstoragetexas.com\/wp-content\/uploads\/2020\/08\/Safe_logo.png\" \/>\n\t<meta property=\"og:image:width\" content=\"233\" \/>\n\t<meta property=\"og:image:height\" content=\"258\" \/>\n\t<meta property=\"og:image:type\" content=\"image\/png\" \/>\n<meta name=\"twitter:card\" content=\"summary_large_image\" \/>\n<meta name=\"twitter:site\" content=\"@TxDPS\" \/>\n<meta name=\"twitter:label1\" content=\"Tiempo de lectura\" \/>\n\t<meta name=\"twitter:data1\" content=\"1 minuto\" \/>\n<script type=\"application\/ld+json\" class=\"yoast-schema-graph\">{\"@context\":\"https:\/\/schema.org\",\"@graph\":[{\"@type\":\"WebPage\",\"@id\":\"https:\/\/safegunstoragetexas.com\/es\/charla-sobre-la-seguridad-de-las-armas\/\",\"url\":\"https:\/\/safegunstoragetexas.com\/es\/charla-sobre-la-seguridad-de-las-armas\/\",\"name\":\"Charla sobre la seguridad de las armas - Texas Safe Gun Storage\",\"isPartOf\":{\"@id\":\"https:\/\/safegunstoragetexas.com\/es\/#website\"},\"datePublished\":\"2025-01-30T19:27:12+00:00\",\"description\":\"Habla con otros padres, con tus hijos y con la comunidad sobre la seguridad de las armas. \u00a1Obt\u00e9n m\u00e1s informaci\u00f3n sobre c\u00f3mo puedes ayudar a Keep 'Em Safe, Texas!\",\"breadcrumb\":{\"@id\":\"https:\/\/safegunstoragetexas.com\/es\/charla-sobre-la-seguridad-de-las-armas\/#breadcrumb\"},\"inLanguage\":\"es\",\"potentialAction\":[{\"@type\":\"ReadAction\",\"target\":[\"https:\/\/safegunstoragetexas.com\/es\/charla-sobre-la-seguridad-de-las-armas\/\"]}]},{\"@type\":\"BreadcrumbList\",\"@id\":\"https:\/\/safegunstoragetexas.com\/es\/charla-sobre-la-seguridad-de-las-armas\/#breadcrumb\",\"itemListElement\":[{\"@type\":\"ListItem\",\"position\":1,\"name\":\"Home\",\"item\":\"https:\/\/safegunstoragetexas.com\/es\/inicio\/\"},{\"@type\":\"ListItem\",\"position\":2,\"name\":\"Charla sobre la seguridad de las armas\"}]},{\"@type\":\"WebSite\",\"@id\":\"https:\/\/safegunstoragetexas.com\/es\/#website\",\"url\":\"https:\/\/safegunstoragetexas.com\/es\/\",\"name\":\"Texas Safe Gun Storage\",\"description\":\"\",\"publisher\":{\"@id\":\"https:\/\/safegunstoragetexas.com\/es\/#organization\"},\"potentialAction\":[{\"@type\":\"SearchAction\",\"target\":{\"@type\":\"EntryPoint\",\"urlTemplate\":\"https:\/\/safegunstoragetexas.com\/es\/?s={search_term_string}\"},\"query-input\":{\"@type\":\"PropertyValueSpecification\",\"valueRequired\":true,\"valueName\":\"search_term_string\"}}],\"inLanguage\":\"es\"},{\"@type\":\"Organization\",\"@id\":\"https:\/\/safegunstoragetexas.com\/es\/#organization\",\"name\":\"Safe Gun Storage in Texas\",\"url\":\"https:\/\/safegunstoragetexas.com\/es\/\",\"logo\":{\"@type\":\"ImageObject\",\"inLanguage\":\"es\",\"@id\":\"https:\/\/safegunstoragetexas.com\/es\/#\/schema\/logo\/image\/\",\"url\":\"\/wp-content\/uploads\/2020\/08\/Safe_logo.png\",\"contentUrl\":\"\/wp-content\/uploads\/2020\/08\/Safe_logo.png\",\"width\":233,\"height\":258,\"caption\":\"Safe Gun Storage in Texas\"},\"image\":{\"@id\":\"https:\/\/safegunstoragetexas.com\/es\/#\/schema\/logo\/image\/\"},\"sameAs\":[\"https:\/\/www.facebook.com\/TxDPS\",\"https:\/\/x.com\/TxDPS\"]}]}<\/script>\n<!-- \/ Yoast SEO plugin. -->","yoast_head_json":{"title":"Charla sobre la seguridad de las armas - Texas Safe Gun Storage","description":"Habla con otros padres, con tus hijos y con la comunidad sobre la seguridad de las armas. \u00a1Obt\u00e9n m\u00e1s informaci\u00f3n sobre c\u00f3mo puedes ayudar a Keep 'Em Safe, Texas!","robots":{"index":"index","follow":"follow","max-snippet":"max-snippet:-1","max-image-preview":"max-image-preview:large","max-video-preview":"max-video-preview:-1"},"canonical":"https:\/\/safegunstoragetexas.com\/es\/charla-sobre-la-seguridad-de-las-armas\/","og_locale":"es_ES","og_type":"article","og_title":"Charla sobre la seguridad de las armas - Texas Safe Gun Storage","og_description":"Habla con otros padres, con tus hijos y con la comunidad sobre la seguridad de las armas. \u00a1Obt\u00e9n m\u00e1s informaci\u00f3n sobre c\u00f3mo puedes ayudar a Keep 'Em Safe, Texas!","og_url":"https:\/\/safegunstoragetexas.com\/es\/charla-sobre-la-seguridad-de-las-armas\/","og_site_name":"Texas Safe Gun Storage","article_publisher":"https:\/\/www.facebook.com\/TxDPS","og_image":[{"width":233,"height":258,"url":"https:\/\/safegunstoragetexas.com\/wp-content\/uploads\/2020\/08\/Safe_logo.png","type":"image\/png"}],"twitter_card":"summary_large_image","twitter_site":"@TxDPS","twitter_misc":{"Tiempo de lectura":"1 minuto"},"schema":{"@context":"https:\/\/schema.org","@graph":[{"@type":"WebPage","@id":"https:\/\/safegunstoragetexas.com\/es\/charla-sobre-la-seguridad-de-las-armas\/","url":"https:\/\/safegunstoragetexas.com\/es\/charla-sobre-la-seguridad-de-las-armas\/","name":"Charla sobre la seguridad de las armas - Texas Safe Gun Storage","isPartOf":{"@id":"https:\/\/safegunstoragetexas.com\/es\/#website"},"datePublished":"2025-01-30T19:27:12+00:00","description":"Habla con otros padres, con tus hijos y con la comunidad sobre la seguridad de las armas. \u00a1Obt\u00e9n m\u00e1s informaci\u00f3n sobre c\u00f3mo puedes ayudar a Keep 'Em Safe, Texas!","breadcrumb":{"@id":"https:\/\/safegunstoragetexas.com\/es\/charla-sobre-la-seguridad-de-las-armas\/#breadcrumb"},"inLanguage":"es","potentialAction":[{"@type":"ReadAction","target":["https:\/\/safegunstoragetexas.com\/es\/charla-sobre-la-seguridad-de-las-armas\/"]}]},{"@type":"BreadcrumbList","@id":"https:\/\/safegunstoragetexas.com\/es\/charla-sobre-la-seguridad-de-las-armas\/#breadcrumb","itemListElement":[{"@type":"ListItem","position":1,"name":"Home","item":"https:\/\/safegunstoragetexas.com\/es\/inicio\/"},{"@type":"ListItem","position":2,"name":"Charla sobre la seguridad de las armas"}]},{"@type":"WebSite","@id":"https:\/\/safegunstoragetexas.com\/es\/#website","url":"https:\/\/safegunstoragetexas.com\/es\/","name":"Texas Safe Gun Storage","description":"","publisher":{"@id":"https:\/\/safegunstoragetexas.com\/es\/#organization"},"potentialAction":[{"@type":"SearchAction","target":{"@type":"EntryPoint","urlTemplate":"https:\/\/safegunstoragetexas.com\/es\/?s={search_term_string}"},"query-input":{"@type":"PropertyValueSpecification","valueRequired":true,"valueName":"search_term_string"}}],"inLanguage":"es"},{"@type":"Organization","@id":"https:\/\/safegunstoragetexas.com\/es\/#organization","name":"Safe Gun Storage in Texas","url":"https:\/\/safegunstoragetexas.com\/es\/","logo":{"@type":"ImageObject","inLanguage":"es","@id":"https:\/\/safegunstoragetexas.com\/es\/#\/schema\/logo\/image\/","url":"\/wp-content\/uploads\/2020\/08\/Safe_logo.png","contentUrl":"\/wp-content\/uploads\/2020\/08\/Safe_logo.png","width":233,"height":258,"caption":"Safe Gun Storage in Texas"},"image":{"@id":"https:\/\/safegunstoragetexas.com\/es\/#\/schema\/logo\/image\/"},"sameAs":["https:\/\/www.facebook.com\/TxDPS","https:\/\/x.com\/TxDPS"]}]}},"_links":{"self":[{"href":"https:\/\/safegunstoragetexas.com\/es\/wp-json\/wp\/v2\/pages\/7011","targetHints":{"allow":["GET"]}}],"collection":[{"href":"https:\/\/safegunstoragetexas.com\/es\/wp-json\/wp\/v2\/pages"}],"about":[{"href":"https:\/\/safegunstoragetexas.com\/es\/wp-json\/wp\/v2\/types\/page"}],"author":[{"embeddable":true,"href":"https:\/\/safegunstoragetexas.com\/es\/wp-json\/wp\/v2\/users\/5"}],"replies":[{"embeddable":true,"href":"https:\/\/safegunstoragetexas.com\/es\/wp-json\/wp\/v2\/comments?post=7011"}],"version-history":[{"count":1,"href":"https:\/\/safegunstoragetexas.com\/es\/wp-json\/wp\/v2\/pages\/7011\/revisions"}],"predecessor-version":[{"id":7014,"href":"https:\/\/safegunstoragetexas.com\/es\/wp-json\/wp\/v2\/pages\/7011\/revisions\/7014"}],"wp:attachment":[{"href":"https:\/\/safegunstoragetexas.com\/es\/wp-json\/wp\/v2\/media?parent=7011"}],"curies":[{"name":"wp","href":"https:\/\/api.w.org\/{rel}","templated":true}]}}