{"id":5318,"date":"2020-09-16T13:56:04","date_gmt":"2020-09-16T18:56:04","guid":{"rendered":"https:\/\/safegunstoragetexas.com\/sala-de-prensa\/"},"modified":"2020-09-25T13:48:21","modified_gmt":"2020-09-25T18:48:21","slug":"sala-de-prensa","status":"publish","type":"page","link":"https:\/\/safegunstoragetexas.com\/es\/sala-de-prensa\/","title":{"rendered":"SALA DE PRENSA"},"content":{"rendered":"[vc_row type=\u00bbfull_width_background\u00bb full_screen_row_position=\u00bbmiddle\u00bb column_margin=\u00bbdefault\u00bb column_direction=\u00bbdefault\u00bb column_direction_tablet=\u00bbdefault\u00bb column_direction_phone=\u00bbdefault\u00bb scene_position=\u00bbcenter\u00bb top_padding=\u00bb6%\u00bb bottom_padding=\u00bb4%\u00bb text_color=\u00bbcustom\u00bb custom_text_color=\u00bb#0a0a0a\u00bb text_align=\u00bbcenter\u00bb row_border_radius=\u00bbnone\u00bb row_border_radius_applies=\u00bbbg\u00bb id=\u00bbbeginning-of-content\u00bb overlay_strength=\u00bb0.3&#8243; gradient_direction=\u00bbleft_to_right\u00bb shape_divider_position=\u00bbbottom\u00bb bg_image_animation=\u00bbnone\u00bb shape_type=\u00bb\u00bb][vc_column column_padding=\u00bbno-extra-padding\u00bb column_padding_tablet=\u00bbinherit\u00bb column_padding_phone=\u00bbinherit\u00bb column_padding_position=\u00bball\u00bb background_color_opacity=\u00bb1&#8243; background_hover_color_opacity=\u00bb1&#8243; column_shadow=\u00bbnone\u00bb column_border_radius=\u00bbnone\u00bb column_link_target=\u00bb_self\u00bb gradient_direction=\u00bbleft_to_right\u00bb overlay_strength=\u00bb0.3&#8243; width=\u00bb1\/1&#8243; tablet_width_inherit=\u00bbdefault\u00bb tablet_text_alignment=\u00bbdefault\u00bb phone_text_alignment=\u00bbdefault\u00bb column_border_width=\u00bbnone\u00bb column_border_style=\u00bbsolid\u00bb bg_image_animation=\u00bbnone\u00bb offset=\u00bbvc_col-xs-12&#8243;][vc_column_text]\n<h1>CONTACTO DE PRENSA<\/h1>\n[\/vc_column_text][vc_column_text css=\u00bb.vc_custom_1601059646153{margin-top: 50px !important;}\u00bb max_width=\u00bb600&#8243;]\n<p>Para m\u00e1s informaci\u00f3n sobre la campa\u00f1a Mantenlas seguras, Texas (Keep \u2018Em Safe, Texas) sobre el almacenamiento seguro de armas o para programar una entrevista, contacte a <a href=\"mailto:pr@safegunstoragetexas.com\" target=\"_blank\" rel=\"noopener noreferrer\">pr@safegunstoragetexas.com<\/a><\/p>\n[\/vc_column_text][\/vc_column][\/vc_row][vc_row type=\u00bbfull_width_background\u00bb full_screen_row_position=\u00bbmiddle\u00bb column_margin=\u00bbdefault\u00bb column_direction=\u00bbdefault\u00bb column_direction_tablet=\u00bbdefault\u00bb column_direction_phone=\u00bbdefault\u00bb scene_position=\u00bbcenter\u00bb text_color=\u00bbdark\u00bb text_align=\u00bbleft\u00bb row_border_radius=\u00bbnone\u00bb row_border_radius_applies=\u00bbbg\u00bb zindex=\u00bb100&#8243; overlay_strength=\u00bb0.3&#8243; gradient_direction=\u00bbleft_to_right\u00bb shape_divider_position=\u00bbbottom\u00bb bg_image_animation=\u00bbnone\u00bb shape_type=\u00bb\u00bb][vc_column column_padding=\u00bbno-extra-padding\u00bb column_padding_tablet=\u00bbinherit\u00bb column_padding_phone=\u00bbinherit\u00bb column_padding_position=\u00bball\u00bb background_color_opacity=\u00bb1&#8243; background_hover_color_opacity=\u00bb1&#8243; column_shadow=\u00bbnone\u00bb column_border_radius=\u00bbnone\u00bb column_link_target=\u00bb_self\u00bb gradient_direction=\u00bbleft_to_right\u00bb overlay_strength=\u00bb0.3&#8243; width=\u00bb1\/1&#8243; tablet_width_inherit=\u00bbdefault\u00bb tablet_text_alignment=\u00bbdefault\u00bb phone_text_alignment=\u00bbdefault\u00bb column_border_width=\u00bbnone\u00bb column_border_style=\u00bbsolid\u00bb bg_image_animation=\u00bbnone\u00bb][vc_row_inner column_margin=\u00bbdefault\u00bb column_direction=\u00bbdefault\u00bb column_direction_tablet=\u00bbdefault\u00bb column_direction_phone=\u00bbdefault\u00bb bottom_padding=\u00bb4%\u00bb text_align=\u00bbleft\u00bb][vc_column_inner column_padding=\u00bbno-extra-padding\u00bb column_padding_tablet=\u00bbinherit\u00bb column_padding_phone=\u00bbinherit\u00bb column_padding_position=\u00bball\u00bb centered_text=\u00bbtrue\u00bb background_color_opacity=\u00bb1&#8243; background_hover_color_opacity=\u00bb1&#8243; font_color=\u00bb#ffffff\u00bb column_shadow=\u00bbnone\u00bb column_border_radius=\u00bbnone\u00bb column_link_target=\u00bb_self\u00bb gradient_direction=\u00bbleft_to_right\u00bb overlay_strength=\u00bb0.3&#8243; width=\u00bb1\/1&#8243; tablet_width_inherit=\u00bbdefault\u00bb column_border_width=\u00bbnone\u00bb column_border_style=\u00bbsolid\u00bb bg_image_animation=\u00bbnone\u00bb][split_line_heading animation_type=\u00bbline-reveal-by-space\u00bb font_style=\u00bbh2&#8243; text_color=\u00bb#0a0a0a\u00bb text_content=\u00bbCONT\u00c1CTENOS\u00bb][\/split_line_heading][\/vc_column_inner][\/vc_row_inner][vc_row_inner column_margin=\u00bbdefault\u00bb column_direction=\u00bbdefault\u00bb column_direction_tablet=\u00bbdefault\u00bb column_direction_phone=\u00bbdefault\u00bb text_align=\u00bbleft\u00bb][vc_column_inner column_padding=\u00bbpadding-6-percent\u00bb column_padding_tablet=\u00bbinherit\u00bb column_padding_phone=\u00bbinherit\u00bb column_padding_position=\u00bball\u00bb bottom_margin=\u00bb-10%\u00bb background_color=\u00bb#ffffff\u00bb background_color_opacity=\u00bb1&#8243; background_hover_color_opacity=\u00bb1&#8243; font_color=\u00bb#0a0a0a\u00bb column_shadow=\u00bbmedium_depth\u00bb column_border_radius=\u00bb15px\u00bb column_link_target=\u00bb_self\u00bb gradient_direction=\u00bbleft_to_right\u00bb overlay_strength=\u00bb0.3&#8243; width=\u00bb1\/1&#8243; tablet_width_inherit=\u00bbdefault\u00bb column_border_width=\u00bbnone\u00bb column_border_style=\u00bbsolid\u00bb bg_image_animation=\u00bbnone\u00bb enable_animation=\u00bbtrue\u00bb animation=\u00bbfade-in-from-bottom\u00bb][vc_column_text]\n<h4 style=\"text-align: left;\">[contact-form-7 id=\u00bb5320&#8243; title=\u00bbContact form 1-ES\u00bb]<\/h4>\n[\/vc_column_text][\/vc_column_inner][\/vc_row_inner][\/vc_column][\/vc_row][vc_row type=\u00bbin_container\u00bb full_screen_row_position=\u00bbmiddle\u00bb column_margin=\u00bbdefault\u00bb column_direction=\u00bbdefault\u00bb column_direction_tablet=\u00bbdefault\u00bb column_direction_phone=\u00bbdefault\u00bb scene_position=\u00bbcenter\u00bb text_color=\u00bbdark\u00bb text_align=\u00bbleft\u00bb row_border_radius=\u00bbnone\u00bb row_border_radius_applies=\u00bbbg\u00bb overlay_strength=\u00bb0.3&#8243; gradient_direction=\u00bbleft_to_right\u00bb shape_divider_position=\u00bbbottom\u00bb bg_image_animation=\u00bbnone\u00bb][vc_column column_padding=\u00bbno-extra-padding\u00bb column_padding_tablet=\u00bbinherit\u00bb column_padding_phone=\u00bbinherit\u00bb column_padding_position=\u00bball\u00bb background_color_opacity=\u00bb1&#8243; background_hover_color_opacity=\u00bb1&#8243; column_shadow=\u00bbnone\u00bb column_border_radius=\u00bbnone\u00bb column_link_target=\u00bb_self\u00bb gradient_direction=\u00bbleft_to_right\u00bb overlay_strength=\u00bb0.3&#8243; width=\u00bb1\/1&#8243; tablet_width_inherit=\u00bbdefault\u00bb tablet_text_alignment=\u00bbdefault\u00bb phone_text_alignment=\u00bbdefault\u00bb column_border_width=\u00bbnone\u00bb column_border_style=\u00bbsolid\u00bb bg_image_animation=\u00bbnone\u00bb][\/vc_column][\/vc_row][vc_row type=\u00bbin_container\u00bb full_screen_row_position=\u00bbmiddle\u00bb column_margin=\u00bbdefault\u00bb column_direction=\u00bbdefault\u00bb column_direction_tablet=\u00bbdefault\u00bb column_direction_phone=\u00bbdefault\u00bb scene_position=\u00bbcenter\u00bb text_color=\u00bbdark\u00bb text_align=\u00bbleft\u00bb row_border_radius=\u00bbnone\u00bb row_border_radius_applies=\u00bbbg\u00bb overlay_strength=\u00bb0.3&#8243; gradient_direction=\u00bbleft_to_right\u00bb shape_divider_position=\u00bbbottom\u00bb bg_image_animation=\u00bbnone\u00bb][vc_column column_padding=\u00bbno-extra-padding\u00bb column_padding_tablet=\u00bbinherit\u00bb column_padding_phone=\u00bbinherit\u00bb column_padding_position=\u00bball\u00bb background_color_opacity=\u00bb1&#8243; background_hover_color_opacity=\u00bb1&#8243; column_shadow=\u00bbnone\u00bb column_border_radius=\u00bbnone\u00bb column_link_target=\u00bb_self\u00bb gradient_direction=\u00bbleft_to_right\u00bb overlay_strength=\u00bb0.3&#8243; width=\u00bb1\/1&#8243; tablet_width_inherit=\u00bbdefault\u00bb tablet_text_alignment=\u00bbdefault\u00bb phone_text_alignment=\u00bbdefault\u00bb column_border_width=\u00bbnone\u00bb column_border_style=\u00bbsolid\u00bb bg_image_animation=\u00bbnone\u00bb][divider line_type=\u00bbNo Line\u00bb custom_height=\u00bb75&#8243;][\/vc_column][\/vc_row]\n","protected":false},"excerpt":{"rendered":"<p>[vc_row type=\u00bbfull_width_background\u00bb full_screen_row_position=\u00bbmiddle\u00bb column_margin=\u00bbdefault\u00bb column_direction=\u00bbdefault\u00bb column_direction_tablet=\u00bbdefault\u00bb column_direction_phone=\u00bbdefault\u00bb scene_position=\u00bbcenter\u00bb top_padding=\u00bb6%\u00bb bottom_padding=\u00bb4%\u00bb text_color=\u00bbcustom\u00bb custom_text_color=\u00bb#0a0a0a\u00bb text_align=\u00bbcenter\u00bb row_border_radius=\u00bbnone\u00bb row_border_radius_applies=\u00bbbg\u00bb id=\u00bbbeginning-of-content\u00bb overlay_strength=\u00bb0.3&#8243; gradient_direction=\u00bbleft_to_right\u00bb shape_divider_position=\u00bbbottom\u00bb bg_image_animation=\u00bbnone\u00bb shape_type=\u00bb\u00bb][vc_column column_padding=\u00bbno-extra-padding\u00bb column_padding_tablet=\u00bbinherit\u00bb column_padding_phone=\u00bbinherit\u00bb column_padding_position=\u00bball\u00bb background_color_opacity=\u00bb1&#8243; background_hover_color_opacity=\u00bb1&#8243; column_shadow=\u00bbnone\u00bb column_border_radius=\u00bbnone\u00bb column_link_target=\u00bb_self\u00bb&#8230;<\/p>\n","protected":false},"author":5,"featured_media":0,"parent":0,"menu_order":0,"comment_status":"closed","ping_status":"closed","template":"","meta":{"footnotes":""},"class_list":["post-5318","page","type-page","status-publish"],"yoast_head":"<!-- This site is optimized with the Yoast SEO plugin v27.4 - https:\/\/yoast.com\/product\/yoast-seo-wordpress\/ -->\n<title>Sala de Prensa | Safe Gun Storage in Texas<\/title>\n<meta name=\"description\" content=\"Contact us here for all press inquiries related to our Safe Gun Storage in Texas campaign.\" \/>\n<meta name=\"robots\" content=\"index, follow, max-snippet:-1, max-image-preview:large, max-video-preview:-1\" \/>\n<link rel=\"canonical\" href=\"https:\/\/safegunstoragetexas.com\/es\/sala-de-prensa\/\" \/>\n<meta property=\"og:locale\" content=\"es_ES\" \/>\n<meta property=\"og:type\" content=\"article\" \/>\n<meta property=\"og:title\" content=\"Sala de Prensa | Safe Gun Storage in Texas\" \/>\n<meta property=\"og:description\" content=\"Contact us here for all press inquiries related to our Safe Gun Storage in Texas campaign.\" \/>\n<meta property=\"og:url\" content=\"https:\/\/safegunstoragetexas.com\/es\/sala-de-prensa\/\" \/>\n<meta property=\"og:site_name\" content=\"Texas Safe Gun Storage\" \/>\n<meta property=\"article:publisher\" content=\"https:\/\/www.facebook.com\/TxDPS\" \/>\n<meta property=\"article:modified_time\" content=\"2020-09-25T18:48:21+00:00\" \/>\n<meta property=\"og:image\" content=\"https:\/\/safegunstoragetexas.com\/wp-content\/uploads\/2020\/08\/Safe_logo.png\" \/>\n\t<meta property=\"og:image:width\" content=\"233\" \/>\n\t<meta property=\"og:image:height\" content=\"258\" \/>\n\t<meta property=\"og:image:type\" content=\"image\/png\" \/>\n<meta name=\"twitter:card\" content=\"summary_large_image\" \/>\n<meta name=\"twitter:site\" content=\"@TxDPS\" \/>\n<meta name=\"twitter:label1\" content=\"Tiempo de lectura\" \/>\n\t<meta name=\"twitter:data1\" content=\"4 minutos\" \/>\n<script type=\"application\/ld+json\" class=\"yoast-schema-graph\">{\"@context\":\"https:\\\/\\\/schema.org\",\"@graph\":[{\"@type\":\"WebPage\",\"@id\":\"https:\\\/\\\/safegunstoragetexas.com\\\/es\\\/sala-de-prensa\\\/\",\"url\":\"https:\\\/\\\/safegunstoragetexas.com\\\/es\\\/sala-de-prensa\\\/\",\"name\":\"Sala de Prensa | Safe Gun Storage in Texas\",\"isPartOf\":{\"@id\":\"https:\\\/\\\/safegunstoragetexas.com\\\/es\\\/#website\"},\"datePublished\":\"2020-09-16T18:56:04+00:00\",\"dateModified\":\"2020-09-25T18:48:21+00:00\",\"description\":\"Contact us here for all press inquiries related to our Safe Gun Storage in Texas campaign.\",\"breadcrumb\":{\"@id\":\"https:\\\/\\\/safegunstoragetexas.com\\\/es\\\/sala-de-prensa\\\/#breadcrumb\"},\"inLanguage\":\"es\",\"potentialAction\":[{\"@type\":\"ReadAction\",\"target\":[\"https:\\\/\\\/safegunstoragetexas.com\\\/es\\\/sala-de-prensa\\\/\"]}]},{\"@type\":\"BreadcrumbList\",\"@id\":\"https:\\\/\\\/safegunstoragetexas.com\\\/es\\\/sala-de-prensa\\\/#breadcrumb\",\"itemListElement\":[{\"@type\":\"ListItem\",\"position\":1,\"name\":\"Home\",\"item\":\"https:\\\/\\\/safegunstoragetexas.com\\\/es\\\/\"},{\"@type\":\"ListItem\",\"position\":2,\"name\":\"SALA DE PRENSA\"}]},{\"@type\":\"WebSite\",\"@id\":\"https:\\\/\\\/safegunstoragetexas.com\\\/es\\\/#website\",\"url\":\"https:\\\/\\\/safegunstoragetexas.com\\\/es\\\/\",\"name\":\"Texas Safe Gun Storage\",\"description\":\"\",\"publisher\":{\"@id\":\"https:\\\/\\\/safegunstoragetexas.com\\\/es\\\/#organization\"},\"potentialAction\":[{\"@type\":\"SearchAction\",\"target\":{\"@type\":\"EntryPoint\",\"urlTemplate\":\"https:\\\/\\\/safegunstoragetexas.com\\\/es\\\/?s={search_term_string}\"},\"query-input\":{\"@type\":\"PropertyValueSpecification\",\"valueRequired\":true,\"valueName\":\"search_term_string\"}}],\"inLanguage\":\"es\"},{\"@type\":\"Organization\",\"@id\":\"https:\\\/\\\/safegunstoragetexas.com\\\/es\\\/#organization\",\"name\":\"Safe Gun Storage in Texas\",\"url\":\"https:\\\/\\\/safegunstoragetexas.com\\\/es\\\/\",\"logo\":{\"@type\":\"ImageObject\",\"inLanguage\":\"es\",\"@id\":\"https:\\\/\\\/safegunstoragetexas.com\\\/es\\\/#\\\/schema\\\/logo\\\/image\\\/\",\"url\":\"\\\/wp-content\\\/uploads\\\/2020\\\/08\\\/Safe_logo.png\",\"contentUrl\":\"\\\/wp-content\\\/uploads\\\/2020\\\/08\\\/Safe_logo.png\",\"width\":233,\"height\":258,\"caption\":\"Safe Gun Storage in Texas\"},\"image\":{\"@id\":\"https:\\\/\\\/safegunstoragetexas.com\\\/es\\\/#\\\/schema\\\/logo\\\/image\\\/\"},\"sameAs\":[\"https:\\\/\\\/www.facebook.com\\\/TxDPS\",\"https:\\\/\\\/x.com\\\/TxDPS\"]}]}<\/script>\n<!-- \/ Yoast SEO plugin. -->","yoast_head_json":{"title":"Sala de Prensa | Safe Gun Storage in Texas","description":"Contact us here for all press inquiries related to our Safe Gun Storage in Texas campaign.","robots":{"index":"index","follow":"follow","max-snippet":"max-snippet:-1","max-image-preview":"max-image-preview:large","max-video-preview":"max-video-preview:-1"},"canonical":"https:\/\/safegunstoragetexas.com\/es\/sala-de-prensa\/","og_locale":"es_ES","og_type":"article","og_title":"Sala de Prensa | Safe Gun Storage in Texas","og_description":"Contact us here for all press inquiries related to our Safe Gun Storage in Texas campaign.","og_url":"https:\/\/safegunstoragetexas.com\/es\/sala-de-prensa\/","og_site_name":"Texas Safe Gun Storage","article_publisher":"https:\/\/www.facebook.com\/TxDPS","article_modified_time":"2020-09-25T18:48:21+00:00","og_image":[{"width":233,"height":258,"url":"https:\/\/safegunstoragetexas.com\/wp-content\/uploads\/2020\/08\/Safe_logo.png","type":"image\/png"}],"twitter_card":"summary_large_image","twitter_site":"@TxDPS","twitter_misc":{"Tiempo de lectura":"4 minutos"},"schema":{"@context":"https:\/\/schema.org","@graph":[{"@type":"WebPage","@id":"https:\/\/safegunstoragetexas.com\/es\/sala-de-prensa\/","url":"https:\/\/safegunstoragetexas.com\/es\/sala-de-prensa\/","name":"Sala de Prensa | Safe Gun Storage in Texas","isPartOf":{"@id":"https:\/\/safegunstoragetexas.com\/es\/#website"},"datePublished":"2020-09-16T18:56:04+00:00","dateModified":"2020-09-25T18:48:21+00:00","description":"Contact us here for all press inquiries related to our Safe Gun Storage in Texas campaign.","breadcrumb":{"@id":"https:\/\/safegunstoragetexas.com\/es\/sala-de-prensa\/#breadcrumb"},"inLanguage":"es","potentialAction":[{"@type":"ReadAction","target":["https:\/\/safegunstoragetexas.com\/es\/sala-de-prensa\/"]}]},{"@type":"BreadcrumbList","@id":"https:\/\/safegunstoragetexas.com\/es\/sala-de-prensa\/#breadcrumb","itemListElement":[{"@type":"ListItem","position":1,"name":"Home","item":"https:\/\/safegunstoragetexas.com\/es\/"},{"@type":"ListItem","position":2,"name":"SALA DE PRENSA"}]},{"@type":"WebSite","@id":"https:\/\/safegunstoragetexas.com\/es\/#website","url":"https:\/\/safegunstoragetexas.com\/es\/","name":"Texas Safe Gun Storage","description":"","publisher":{"@id":"https:\/\/safegunstoragetexas.com\/es\/#organization"},"potentialAction":[{"@type":"SearchAction","target":{"@type":"EntryPoint","urlTemplate":"https:\/\/safegunstoragetexas.com\/es\/?s={search_term_string}"},"query-input":{"@type":"PropertyValueSpecification","valueRequired":true,"valueName":"search_term_string"}}],"inLanguage":"es"},{"@type":"Organization","@id":"https:\/\/safegunstoragetexas.com\/es\/#organization","name":"Safe Gun Storage in Texas","url":"https:\/\/safegunstoragetexas.com\/es\/","logo":{"@type":"ImageObject","inLanguage":"es","@id":"https:\/\/safegunstoragetexas.com\/es\/#\/schema\/logo\/image\/","url":"\/wp-content\/uploads\/2020\/08\/Safe_logo.png","contentUrl":"\/wp-content\/uploads\/2020\/08\/Safe_logo.png","width":233,"height":258,"caption":"Safe Gun Storage in Texas"},"image":{"@id":"https:\/\/safegunstoragetexas.com\/es\/#\/schema\/logo\/image\/"},"sameAs":["https:\/\/www.facebook.com\/TxDPS","https:\/\/x.com\/TxDPS"]}]}},"_links":{"self":[{"href":"https:\/\/safegunstoragetexas.com\/es\/wp-json\/wp\/v2\/pages\/5318","targetHints":{"allow":["GET"]}}],"collection":[{"href":"https:\/\/safegunstoragetexas.com\/es\/wp-json\/wp\/v2\/pages"}],"about":[{"href":"https:\/\/safegunstoragetexas.com\/es\/wp-json\/wp\/v2\/types\/page"}],"author":[{"embeddable":true,"href":"https:\/\/safegunstoragetexas.com\/es\/wp-json\/wp\/v2\/users\/5"}],"replies":[{"embeddable":true,"href":"https:\/\/safegunstoragetexas.com\/es\/wp-json\/wp\/v2\/comments?post=5318"}],"version-history":[{"count":4,"href":"https:\/\/safegunstoragetexas.com\/es\/wp-json\/wp\/v2\/pages\/5318\/revisions"}],"predecessor-version":[{"id":5420,"href":"https:\/\/safegunstoragetexas.com\/es\/wp-json\/wp\/v2\/pages\/5318\/revisions\/5420"}],"wp:attachment":[{"href":"https:\/\/safegunstoragetexas.com\/es\/wp-json\/wp\/v2\/media?parent=5318"}],"curies":[{"name":"wp","href":"https:\/\/api.w.org\/{rel}","templated":true}]}}